{"id":106,"date":"2024-05-13T17:17:14","date_gmt":"2024-05-13T17:17:14","guid":{"rendered":"https:\/\/staging2.effe1.com\/?page_id=106"},"modified":"2025-06-02T07:24:05","modified_gmt":"2025-06-02T07:24:05","slug":"accessi","status":"publish","type":"page","link":"https:\/\/staging2.effe1.com\/index.php\/accessi\/","title":{"rendered":"Accessi"},"content":{"rendered":"<p>[et_pb_section fb_built=&#8221;1&#8243; admin_label=&#8221;Header&#8221; _builder_version=&#8221;4.25.1&#8243; _module_preset=&#8221;default&#8221; background_image=&#8221;https:\/\/staging2.effe1.com\/wp-content\/uploads\/2024\/05\/ora-system-clock.jpg&#8221; custom_padding=&#8221;||0px||false|false&#8221; global_colors_info=&#8221;{}&#8221;][et_pb_row _builder_version=&#8221;4.16&#8243; _module_preset=&#8221;default&#8221; global_colors_info=&#8221;{}&#8221;][et_pb_column type=&#8221;4_4&#8243; _builder_version=&#8221;4.16&#8243; _module_preset=&#8221;default&#8221; global_colors_info=&#8221;{}&#8221;][et_pb_text _builder_version=&#8221;4.16&#8243; _module_preset=&#8221;default&#8221; header_font=&#8221;Bebas Neue||||||||&#8221; header_font_size=&#8221;150px&#8221; header_line_height=&#8221;0.9em&#8221; background_layout=&#8221;dark&#8221; header_font_size_tablet=&#8221;80px&#8221; header_font_size_phone=&#8221;48px&#8221; header_font_size_last_edited=&#8221;on|tablet&#8221; header_line_height_tablet=&#8221;1em&#8221; header_line_height_phone=&#8221;&#8221; header_line_height_last_edited=&#8221;on|desktop&#8221; locked=&#8221;off&#8221; global_colors_info=&#8221;{}&#8221;]<\/p>\n<h1>accessi<\/h1>\n<p>&nbsp;<\/p>\n<p>[\/et_pb_text][\/et_pb_column][\/et_pb_row][et_pb_row column_structure=&#8221;1_3,2_3&#8243; make_equal=&#8221;on&#8221; _builder_version=&#8221;4.16&#8243; _module_preset=&#8221;default&#8221; background_color=&#8221;#ea3900&#8243; custom_margin=&#8221;||||false|false&#8221; custom_padding=&#8221;0px||0px||true|false&#8221; box_shadow_style=&#8221;preset4&#8243; box_shadow_horizontal=&#8221;30vw&#8221; box_shadow_vertical=&#8221;0px&#8221; box_shadow_color=&#8221;#ea3900&#8243; global_colors_info=&#8221;{}&#8221;][et_pb_column type=&#8221;1_3&#8243; _builder_version=&#8221;4.16&#8243; _module_preset=&#8221;default&#8221; background_color=&#8221;#ffffff&#8221; custom_padding=&#8221;30px|20px|30px|20px|true|true&#8221; custom_padding_tablet=&#8221;0px|20px|0px|20px|true|true&#8221; custom_padding_phone=&#8221;&#8221; custom_padding_last_edited=&#8221;on|tablet&#8221; global_colors_info=&#8221;{}&#8221;][et_pb_button button_text=&#8221;Contattaci&#8221; button_alignment=&#8221;center&#8221; _builder_version=&#8221;4.25.1&#8243; _module_preset=&#8221;default&#8221; custom_button=&#8221;on&#8221; button_text_size=&#8221;30px&#8221; button_text_color=&#8221;#000000&#8243; button_bg_color=&#8221;#ffffff&#8221; button_border_color=&#8221;rgba(0,0,0,0)&#8221; button_border_radius=&#8221;0px&#8221; button_letter_spacing=&#8221;2px&#8221; button_font=&#8221;Bebas Neue|||on|||||&#8221; button_icon=&#8221;&#x24;||divi||400&#8243; custom_padding=&#8221;15px||15px||true|false&#8221; global_colors_info=&#8221;{}&#8221;][\/et_pb_button][\/et_pb_column][et_pb_column type=&#8221;2_3&#8243; _builder_version=&#8221;4.16&#8243; _module_preset=&#8221;default&#8221; background_color=&#8221;#ea3900&#8243; custom_padding=&#8221;48px|20px|28px|20px|false|true&#8221; custom_padding_tablet=&#8221;0px||10px||false|false&#8221; custom_padding_phone=&#8221;||||false|false&#8221; custom_padding_last_edited=&#8221;on|phone&#8221; global_colors_info=&#8221;{}&#8221;][et_pb_text _builder_version=&#8221;4.25.1&#8243; _module_preset=&#8221;default&#8221; header_2_font=&#8221;Bebas Neue||||||||&#8221; header_2_font_size=&#8221;60px&#8221; header_2_letter_spacing=&#8221;2px&#8221; background_layout=&#8221;dark&#8221; header_2_font_size_tablet=&#8221;42px&#8221; header_2_font_size_phone=&#8221;30px&#8221; header_2_font_size_last_edited=&#8221;on|phone&#8221; global_colors_info=&#8221;{}&#8221;]<\/p>\n<h2>0321 463111<\/h2>\n<p>[\/et_pb_text][\/et_pb_column][\/et_pb_row][\/et_pb_section][et_pb_section fb_built=&#8221;1&#8243; _builder_version=&#8221;4.25.1&#8243; _module_preset=&#8221;default&#8221; global_colors_info=&#8221;{}&#8221;][et_pb_row _builder_version=&#8221;4.25.1&#8243; _module_preset=&#8221;default&#8221; global_colors_info=&#8221;{}&#8221;][et_pb_column type=&#8221;4_4&#8243; _builder_version=&#8221;4.25.1&#8243; _module_preset=&#8221;default&#8221; global_colors_info=&#8221;{}&#8221;][et_pb_text _builder_version=&#8221;4.25.1&#8243; _module_preset=&#8221;default&#8221; global_colors_info=&#8221;{}&#8221;]<\/p>\n<div>\n<div>\n<p><span><span>Il <\/span><\/span><span style=\"font-size: 14px;\">controllo accessi rappresenta un metodo efficace per la risoluzione dei problemi legati alla verifica della presenza e del passaggio delle persone in determinate aree della propria azienda.<br \/><\/span><span style=\"font-size: 14px;\">L\u2019accesso a luoghi come uffici, zone in cui si conservano dati e materiali riservati, aree con elevato grado di pericolosit\u00e0, ma anche settori il cui accesso pu\u00f2 richiedere abilitazioni temporanee, diventa pi\u00f9 protetto e controllato grazie alle funzionalit\u00e0 garantite da\u00a0terminali dedicati a questo scopo.<br \/><\/span><span style=\"font-weight: 400;\">Tali soluzioni hardware si completano perfettamente con la gamma di prodotti software appositamente studiati per sfruttarne appieno le potenzialit\u00e0.<\/span><\/p>\n<\/div>\n<div>\n<p>&nbsp;<\/p>\n<\/div>\n<\/div>\n<div>\n<p>&nbsp;<\/p>\n<p><strong>CHECK&amp;IN<br \/><\/strong><span style=\"font-size: 14px;\">Applicazione dell&#8217; ambiente START per il controllo dell\u2019accesso alle aree riservate, rappresenta lo strumento per la definizione delle politiche di accesso e la verifica degli abilitazioni dei dipendenti e dei visitatori.<br \/><\/span><span style=\"font-weight: 400;\">Per sorvegliare i punti di accesso alle aree protette\u00a0Check&amp;In\u00a0si avvale della gamma di terminali e teste di lettura dedicati al controllo dei varchi a cui \u00e8 in grado di fornire una serie di informazioni come l\u2019elenco delle persone autorizzate all\u2019ingresso, i giorni e le fasce orarie di abilitazione con esclusione delle festivit\u00e0, la data di scadenza del badge e il codice segreto (PIN), ecc.<\/span><\/p>\n<\/div>\n<p>[\/et_pb_text][\/et_pb_column][\/et_pb_row][\/et_pb_section][et_pb_section fb_built=&#8221;1&#8243; admin_label=&#8221;Feature&#8221; _builder_version=&#8221;4.16&#8243; _module_preset=&#8221;default&#8221; background_color=&#8221;#f6f6f6&#8243; custom_margin=&#8221;||110px|||&#8221; global_colors_info=&#8221;{}&#8221;][et_pb_row column_structure=&#8221;3_5,2_5&#8243; _builder_version=&#8221;4.16&#8243; _module_preset=&#8221;default&#8221; global_colors_info=&#8221;{}&#8221;][et_pb_column type=&#8221;3_5&#8243; _builder_version=&#8221;4.16&#8243; _module_preset=&#8221;default&#8221; global_colors_info=&#8221;{}&#8221;][et_pb_text _builder_version=&#8221;4.25.1&#8243; _module_preset=&#8221;default&#8221; header_2_font=&#8221;Bebas Neue||||||||&#8221; header_2_font_size=&#8221;80px&#8221; custom_margin=&#8221;||||false|false&#8221; custom_padding=&#8221;||||false|false&#8221; header_2_font_size_tablet=&#8221;42px&#8221; header_2_font_size_phone=&#8221;30px&#8221; header_2_font_size_last_edited=&#8221;on|phone&#8221; header_2_line_height_tablet=&#8221;1.2em&#8221; header_2_line_height_phone=&#8221;&#8221; header_2_line_height_last_edited=&#8221;on|tablet&#8221; box_shadow_style=&#8221;preset4&#8243; box_shadow_horizontal=&#8221;-660px&#8221; box_shadow_vertical=&#8221;0px&#8221; box_shadow_color=&#8221;#ea3900&#8243; box_shadow_horizontal_tablet=&#8221;-83vw&#8221; box_shadow_horizontal_phone=&#8221;&#8221; box_shadow_horizontal_last_edited=&#8221;on|phone&#8221; locked=&#8221;off&#8221; global_colors_info=&#8221;{}&#8221;]<\/p>\n<h2>SOFTWARE CHECK IN<\/h2>\n<p>&nbsp;<\/p>\n<p>[\/et_pb_text][et_pb_text _builder_version=&#8221;4.25.1&#8243; _module_preset=&#8221;default&#8221; text_font_size=&#8221;16px&#8221; text_line_height=&#8221;1.8em&#8221; custom_padding=&#8221;||0px|||&#8221; text_font_size_tablet=&#8221;&#8221; text_font_size_phone=&#8221;14px&#8221; text_font_size_last_edited=&#8221;on|phone&#8221; locked=&#8221;off&#8221; global_colors_info=&#8221;{}&#8221;]<\/p>\n<p>L&#8217;esigenza di sicurezza nelle realt\u00e0 aziendali \u00e8 un fenomeno sempre pi\u00f9 sentito e richiesto, e proprio per questo Solari ha realizzato un sistema di controllo accessi, che in ambiente Start prende il nome di Check&amp;In.<\/p>\n<p>Check&amp;ln, essendo un&#8217;applicazione per il controllo dell&#8217;accesso alle aree protette, risponde alle esigenze di sicurezza, in base alle quali viene gestito l&#8217;accesso del personale. ln questo modo fornisce al supervisore della sicurezza uno strumento efficace per la gestione dei flussi di dipendenti.<\/p>\n<div><\/div>\n<p>[\/et_pb_text][et_pb_toggle title=&#8221;Maggiori informazioni&#8230;&#8221; open_toggle_text_color=&#8221;#E02B20&#8243; icon_color=&#8221;#E02B20&#8243; toggle_icon=&#8221;&#xe056;||divi||400&#8243; open_icon_color=&#8221;#E02B20&#8243; open_toggle_icon=&#8221;&#xf410;||fa||900&#8243; _builder_version=&#8221;4.25.1&#8243; _module_preset=&#8221;default&#8221; title_text_color=&#8221;#E02B20&#8243; title_font_size=&#8221;21px&#8221; border_width_all=&#8221;2px&#8221; border_color_all=&#8221;#E02B20&#8243; global_colors_info=&#8221;{}&#8221;]<\/p>\n<p>Per sorvegliare i punti d&#8217;accesso alle aree riservate Check&amp;ln si avvale della vasta gamma di terminali Solari dedicati al controllo dei varchi a cui \u00e8 in grado di fornire una serie di informazioni come l&#8217;elenco delle persone autorizzate all&#8217;ingresso, i giorni e le fasce orarie di abilitazione con esclusione delle festivit\u00e0, la data di scadenza del badge e il codice segreto.<\/p>\n<p>Check&amp;ln \u00e8 un&#8217;applicazione <em>web<\/em> e proprio per questo non richiede alcuna installazione sulle postazioni di lavoro; la gestione delle informazioni avviene tramite una serie di pagine semplici e molto curate dal punto di vista ergonomico; da ogni videata l&#8217;operatore ha accesso ad una ricca serie di informazioni logicamente correlate, incoraggiando una modalit\u00e0 di interrogazione dei dati <em>a<\/em> <em>navigazione<\/em> tipica di lnternet.<\/p>\n<p>Check&amp;ln \u00e8 un&#8217;applicazione altamente scalabile e pensata per elevati volumi di dati; l&#8217;<em>application<\/em> <em>server<\/em> pu\u00f2 essere suddiviso su pi\u00f9 computer non dipendendo da informazioni di sessione.<\/p>\n<p>Componenti<\/p>\n<p><u>Operatori<\/u><\/p>\n<p>L&#8217;accesso al sistema avviene mediante identificazione tramite username e password, oppure tramite autenticazione integrata di Windows.<\/p>\n<p>Per ogni utente \u00e8 configurabile un insieme di informazioni, come:<\/p>\n<ul>\n<li>elenco di aree e terminali che pu\u00f2 interrogare<\/li>\n<li>elenco di aree sulle quali pu\u00f2 abilitare l&#8217;accesso<\/li>\n<li>funzionalit\u00e0 applicative alle quali pu\u00f2<\/li>\n<\/ul>\n<p>&nbsp;<\/p>\n<p>Per una pi\u00f9 elevata sicurezza pu\u00f2 essere attivata la gestione delle utenze conforme al D.L. 196\/2003.<\/p>\n<p>[\/et_pb_toggle][et_pb_button button_url=&#8221;https:\/\/staging2.effe1.com\/wp-content\/uploads\/2024\/07\/CheckIn_Brochure.pdf&#8221; url_new_window=&#8221;on&#8221; button_text=&#8221; Scheda tecnica&#8230;&#8221; button_alignment=&#8221;left&#8221; _builder_version=&#8221;4.25.1&#8243; _module_preset=&#8221;default&#8221; custom_button=&#8221;on&#8221; button_text_size=&#8221;19px&#8221; button_text_color=&#8221;#E02B20&#8243; custom_margin=&#8221;||||false|false&#8221; custom_css_free_form=&#8221;.selector {||  width: 100%;||}&#8221; global_colors_info=&#8221;{}&#8221;][\/et_pb_button][\/et_pb_column][et_pb_column type=&#8221;2_5&#8243; _builder_version=&#8221;4.16&#8243; _module_preset=&#8221;default&#8221; global_colors_info=&#8221;{}&#8221;][et_pb_image src=&#8221;https:\/\/staging2.effe1.com\/wp-content\/uploads\/2024\/07\/schermata-checkin.jpg&#8221; title_text=&#8221;schermata checkin&#8221; _builder_version=&#8221;4.25.1&#8243; _module_preset=&#8221;default&#8221; custom_margin=&#8221;|-10vw|-140px||false|false&#8221; custom_margin_tablet=&#8221;|0vw|0px||false|false&#8221; custom_margin_phone=&#8221;&#8221; custom_margin_last_edited=&#8221;on|tablet&#8221; global_colors_info=&#8221;{}&#8221;][\/et_pb_image][\/et_pb_column][\/et_pb_row][\/et_pb_section][et_pb_section fb_built=&#8221;1&#8243; admin_label=&#8221;Feature&#8221; _builder_version=&#8221;4.16&#8243; _module_preset=&#8221;default&#8221; background_color=&#8221;#f6f6f6&#8243; min_height=&#8221;758.3px&#8221; custom_margin=&#8221;||110px|||&#8221; global_colors_info=&#8221;{}&#8221;][et_pb_row column_structure=&#8221;3_5,2_5&#8243; _builder_version=&#8221;4.16&#8243; _module_preset=&#8221;default&#8221; global_colors_info=&#8221;{}&#8221;][et_pb_column type=&#8221;3_5&#8243; _builder_version=&#8221;4.16&#8243; _module_preset=&#8221;default&#8221; global_colors_info=&#8221;{}&#8221;][et_pb_text _builder_version=&#8221;4.25.1&#8243; _module_preset=&#8221;default&#8221; header_2_font=&#8221;Bebas Neue||||||||&#8221; header_2_font_size=&#8221;80px&#8221; custom_margin=&#8221;||||false|false&#8221; custom_padding=&#8221;||||false|false&#8221; header_2_font_size_tablet=&#8221;42px&#8221; header_2_font_size_phone=&#8221;30px&#8221; header_2_font_size_last_edited=&#8221;on|phone&#8221; header_2_line_height_tablet=&#8221;1.2em&#8221; header_2_line_height_phone=&#8221;&#8221; header_2_line_height_last_edited=&#8221;on|tablet&#8221; box_shadow_style=&#8221;preset4&#8243; box_shadow_horizontal=&#8221;-660px&#8221; box_shadow_vertical=&#8221;0px&#8221; box_shadow_color=&#8221;#ea3900&#8243; box_shadow_horizontal_tablet=&#8221;-83vw&#8221; box_shadow_horizontal_phone=&#8221;&#8221; box_shadow_horizontal_last_edited=&#8221;on|phone&#8221; locked=&#8221;off&#8221; global_colors_info=&#8221;{}&#8221;]<\/p>\n<h2>soluzioni per controllo accessi<\/h2>\n<p>&nbsp;<\/p>\n<p>[\/et_pb_text][et_pb_text _builder_version=&#8221;4.25.1&#8243; _module_preset=&#8221;default&#8221; text_font_size=&#8221;16px&#8221; text_line_height=&#8221;1.8em&#8221; custom_padding=&#8221;||0px|||&#8221; text_font_size_tablet=&#8221;&#8221; text_font_size_phone=&#8221;14px&#8221; text_font_size_last_edited=&#8221;on|phone&#8221; locked=&#8221;off&#8221; global_colors_info=&#8221;{}&#8221;]<\/p>\n<div>\n<p><strong><span>FS12 e FS58\u00a0<\/span><\/strong><\/p>\n<p>In alcuni casi \u00e8 possibile semplificare l&#8217;architettura utilizzando i terminali per la Gestione delle Presenze che possono svolgere le stesse funzioni del concentratore e delle teste di lettur. Questa configurazione pu\u00f2 essere utilizzata anche per dedicare un terminale o un insieme di terminali alle timbrature di un gruppo di dipendenti.<\/p>\n<\/div>\n<p>[\/et_pb_text][et_pb_toggle title=&#8221;Maggiori informazioni&#8230;&#8221; open_toggle_text_color=&#8221;#E02B20&#8243; icon_color=&#8221;#E02B20&#8243; toggle_icon=&#8221;&#xe056;||divi||400&#8243; open_icon_color=&#8221;#E02B20&#8243; open_toggle_icon=&#8221;&#xf410;||fa||900&#8243; _builder_version=&#8221;4.25.1&#8243; _module_preset=&#8221;default&#8221; title_text_color=&#8221;#E02B20&#8243; title_font_size=&#8221;21px&#8221; border_width_all=&#8221;2px&#8221; border_color_all=&#8221;#E02B20&#8243; global_colors_info=&#8221;{}&#8221;]<\/p>\n<p><strong>FS12<br \/><\/strong><span style=\"font-weight: 400;\">Le teste di lettura FS12 rappresentano la soluzione ottimale per il controllo degli accessi in aree esterne, in quanto sono contraddistinte da caratteristiche ad alto grado di resistenza, come l\u2019elevata ermeticit\u00e0 contro tentativi di scasso o protezione dagli agenti atmosferici.<\/span><\/p>\n<p><strong>FS58<\/strong><br \/><span style=\"font-weight: 400;\">Il terminale FS58 \u00e8 l&#8217;evoluzione del LBR 2803, con migliorie sia estetiche (il suo design lo rende sfruttabile in qualsiasi contesto) sia funzionale, con la possibilit\u00e0 di averlo sia con display OLED sia senza; l&#8217;elevato grado di protezione IP agli agenti atmosferici permette di sfruttarlo anche all&#8217;esterno in condizioni piuttosto gravose<\/span><span style=\"font-size: 14px;\">.<\/span><\/p>\n<p><strong>CCN<\/strong><br \/><span style=\"font-weight: 400;\">I controllori di varco CCN costituiscono i dispositivi centrali e fondamentali di un sistema per il controllo accessi e in particolare hanno il principale compito di controllare, mediante le teste di lettura, il flusso dei transiti attraverso uno o pi\u00f9 varchi.<br \/><\/span><span style=\"font-weight: 400;\">I\u00a0dispositivi\u00a0comunicano con il software centrale di controllo per lo scambio di informazioni.<\/span><\/p>\n<p>&nbsp;<\/p>\n<p>[\/et_pb_toggle][et_pb_button button_url=&#8221;https:\/\/staging2.effe1.com\/wp-content\/uploads\/2025\/05\/SCHEDA-TECNICA-soluzioni-controllo-accessi.pdf&#8221; url_new_window=&#8221;on&#8221; button_text=&#8221; Scheda tecnica&#8230;&#8221; button_alignment=&#8221;left&#8221; _builder_version=&#8221;4.27.4&#8243; _module_preset=&#8221;default&#8221; custom_button=&#8221;on&#8221; button_text_size=&#8221;19px&#8221; button_text_color=&#8221;#E02B20&#8243; custom_margin=&#8221;||||false|false&#8221; custom_css_free_form=&#8221;.selector {||  width: 100%;||}&#8221; global_colors_info=&#8221;{}&#8221;][\/et_pb_button][\/et_pb_column][et_pb_column type=&#8221;2_5&#8243; _builder_version=&#8221;4.16&#8243; _module_preset=&#8221;default&#8221; global_colors_info=&#8221;{}&#8221;][et_pb_image src=&#8221;https:\/\/staging2.effe1.com\/wp-content\/uploads\/2025\/05\/Dispositivi-Controllo-Accessi.png&#8221; title_text=&#8221;Dispositivi-Controllo-Accessi&#8221; _builder_version=&#8221;4.27.4&#8243; _module_preset=&#8221;default&#8221; custom_margin=&#8221;|-10vw|-140px||false|false&#8221; custom_margin_tablet=&#8221;|0vw|0px||false|false&#8221; custom_margin_phone=&#8221;&#8221; custom_margin_last_edited=&#8221;on|tablet&#8221; global_colors_info=&#8221;{}&#8221;][\/et_pb_image][\/et_pb_column][\/et_pb_row][\/et_pb_section][et_pb_section fb_built=&#8221;1&#8243; admin_label=&#8221;Footer&#8221; _builder_version=&#8221;4.16&#8243; _module_preset=&#8221;default&#8221; background_color=&#8221;#000000&#8243; global_module=&#8221;128&#8243; saved_tabs=&#8221;all&#8221; global_colors_info=&#8221;{}&#8221;][et_pb_row column_structure=&#8221;1_2,1_4,1_4&#8243; _builder_version=&#8221;4.16&#8243; _module_preset=&#8221;default&#8221; global_colors_info=&#8221;{}&#8221;][et_pb_column type=&#8221;1_2&#8243; _builder_version=&#8221;4.16&#8243; _module_preset=&#8221;default&#8221; global_colors_info=&#8221;{}&#8221;][et_pb_text _builder_version=&#8221;4.24.2&#8243; _module_preset=&#8221;default&#8221; text_font=&#8221;Bebas Neue||||||||&#8221; text_text_color=&#8221;#ffffff&#8221; text_font_size=&#8221;40px&#8221; text_letter_spacing=&#8221;0.05em&#8221; text_line_height=&#8221;1.2em&#8221; link_text_color=&#8221;#ffffff&#8221; header_3_font=&#8221;Bebas Neue||||||||&#8221; header_3_text_color=&#8221;rgba(255,255,255,0.48)&#8221; text_font_size_tablet=&#8221;30px&#8221; text_font_size_phone=&#8221;22px&#8221; text_font_size_last_edited=&#8221;on|tablet&#8221; global_colors_info=&#8221;{}&#8221;]<\/p>\n<h3>Telefono<\/h3>\n<p><a href=\"#\">0321 463111<\/a><\/p>\n<p>[\/et_pb_text][et_pb_text _builder_version=&#8221;4.24.2&#8243; _module_preset=&#8221;default&#8221; text_font=&#8221;Bebas Neue||||||||&#8221; text_text_color=&#8221;#ffffff&#8221; text_font_size=&#8221;40px&#8221; text_letter_spacing=&#8221;0.05em&#8221; text_line_height=&#8221;1.2em&#8221; link_text_color=&#8221;#ea3900&#8243; header_3_font=&#8221;Bebas Neue||||||||&#8221; header_3_text_color=&#8221;rgba(255,255,255,0.48)&#8221; text_font_size_tablet=&#8221;30px&#8221; text_font_size_phone=&#8221;22px&#8221; text_font_size_last_edited=&#8221;on|tablet&#8221; global_colors_info=&#8221;{}&#8221;]<\/p>\n<h3>Email<\/h3>\n<p><a href=\"mailto:hello@divibikerepair.com\">info@orasystem.net<\/a><\/p>\n<p>[\/et_pb_text][\/et_pb_column][et_pb_column type=&#8221;1_4&#8243; _builder_version=&#8221;4.16&#8243; _module_preset=&#8221;default&#8221; global_colors_info=&#8221;{}&#8221;][et_pb_text _builder_version=&#8221;4.24.2&#8243; _module_preset=&#8221;default&#8221; header_4_font=&#8221;Bebas Neue||||||||&#8221; header_4_font_size=&#8221;22px&#8221; header_4_letter_spacing=&#8221;4px&#8221; header_4_line_height=&#8221;1.6em&#8221; background_layout=&#8221;dark&#8221; custom_margin=&#8221;||||false|false&#8221; header_4_font_size_tablet=&#8221;20px&#8221; header_4_font_size_phone=&#8221;16px&#8221; header_4_font_size_last_edited=&#8221;on|phone&#8221; border_color_all=&#8221;#ea3900&#8243; border_width_bottom=&#8221;5px&#8221; locked=&#8221;off&#8221; global_colors_info=&#8221;{}&#8221; custom_margin__hover_enabled=&#8221;off|desktop&#8221;]<\/p>\n<h4>Ora System S.R.L.<\/h4>\n<p>[\/et_pb_text][et_pb_text _builder_version=&#8221;4.27.4&#8243; _module_preset=&#8221;default&#8221; text_font=&#8221;|600|||||||&#8221; text_font_size=&#8221;16px&#8221; text_line_height=&#8221;2em&#8221; link_text_color=&#8221;#ffffff&#8221; background_layout=&#8221;dark&#8221; text_font_size_tablet=&#8221;&#8221; text_font_size_phone=&#8221;14px&#8221; text_font_size_last_edited=&#8221;on|phone&#8221; global_colors_info=&#8221;{}&#8221; link_text_color__hover_enabled=&#8221;on|desktop&#8221; link_text_color__hover=&#8221;#ea3900&#8243;]<\/p>\n<p>Viale Giulio Cesare, 147<br \/>28100 Novara<br \/>Tel: +39-0321-463111<\/p>\n<p><a href=\"mailto:info@orasystem.net\">info@orasystem.net<\/a><br \/><a href=\"http:\/\/www.orasystem.net\">www.orasystem.net<\/a><\/p>\n<p>[\/et_pb_text][\/et_pb_column][et_pb_column type=&#8221;1_4&#8243; _builder_version=&#8221;4.16&#8243; _module_preset=&#8221;default&#8221; global_colors_info=&#8221;{}&#8221;][et_pb_text _builder_version=&#8221;4.27.4&#8243; _module_preset=&#8221;default&#8221; text_font=&#8221;|600|||||||&#8221; text_font_size=&#8221;16px&#8221; text_line_height=&#8221;2em&#8221; link_text_color=&#8221;#ffffff&#8221; background_layout=&#8221;dark&#8221; text_font_size_tablet=&#8221;&#8221; text_font_size_phone=&#8221;14px&#8221; text_font_size_last_edited=&#8221;on|phone&#8221; locked=&#8221;off&#8221; global_colors_info=&#8221;{}&#8221; link_text_color__hover=&#8221;#ea3900&#8243; link_text_color__hover_enabled=&#8221;on|desktop&#8221;]<\/p>\n<p><img loading=\"lazy\" decoding=\"async\" src=\"https:\/\/staging2.effe1.com\/wp-content\/uploads\/2025\/05\/logo_solari-300x99.png\" width=\"300\" height=\"99\" alt=\"\" class=\"wp-image-271 alignnone size-medium\" \/><\/p>\n<p>[\/et_pb_text][\/et_pb_column][\/et_pb_row][\/et_pb_section]<\/p>\n","protected":false},"excerpt":{"rendered":"<p>accessi &nbsp;0321 463111 Il controllo accessi rappresenta un metodo efficace per la risoluzione dei problemi legati alla verifica della presenza e del passaggio delle persone in determinate aree della propria azienda.L\u2019accesso a luoghi come uffici, zone in cui si conservano dati e materiali riservati, aree con elevato grado di pericolosit\u00e0, ma anche settori il cui [&hellip;]<\/p>\n","protected":false},"author":1,"featured_media":0,"parent":0,"menu_order":0,"comment_status":"closed","ping_status":"closed","template":"","meta":{"_et_pb_use_builder":"on","_et_pb_old_content":"","_et_gb_content_width":"","footnotes":""},"class_list":["post-106","page","type-page","status-publish","hentry"],"_links":{"self":[{"href":"https:\/\/staging2.effe1.com\/index.php\/wp-json\/wp\/v2\/pages\/106","targetHints":{"allow":["GET"]}}],"collection":[{"href":"https:\/\/staging2.effe1.com\/index.php\/wp-json\/wp\/v2\/pages"}],"about":[{"href":"https:\/\/staging2.effe1.com\/index.php\/wp-json\/wp\/v2\/types\/page"}],"author":[{"embeddable":true,"href":"https:\/\/staging2.effe1.com\/index.php\/wp-json\/wp\/v2\/users\/1"}],"replies":[{"embeddable":true,"href":"https:\/\/staging2.effe1.com\/index.php\/wp-json\/wp\/v2\/comments?post=106"}],"version-history":[{"count":14,"href":"https:\/\/staging2.effe1.com\/index.php\/wp-json\/wp\/v2\/pages\/106\/revisions"}],"predecessor-version":[{"id":325,"href":"https:\/\/staging2.effe1.com\/index.php\/wp-json\/wp\/v2\/pages\/106\/revisions\/325"}],"wp:attachment":[{"href":"https:\/\/staging2.effe1.com\/index.php\/wp-json\/wp\/v2\/media?parent=106"}],"curies":[{"name":"wp","href":"https:\/\/api.w.org\/{rel}","templated":true}]}}