{"id":110,"date":"2024-05-13T17:17:44","date_gmt":"2024-05-13T17:17:44","guid":{"rendered":"https:\/\/staging2.effe1.com\/?page_id=110"},"modified":"2025-06-02T07:25:27","modified_gmt":"2025-06-02T07:25:27","slug":"gestione-del-tempo","status":"publish","type":"page","link":"https:\/\/staging2.effe1.com\/index.php\/gestione-del-tempo\/","title":{"rendered":"Gestione del Tempo"},"content":{"rendered":"<p>[et_pb_section fb_built=&#8221;1&#8243; admin_label=&#8221;Header&#8221; _builder_version=&#8221;4.25.1&#8243; _module_preset=&#8221;default&#8221; background_image=&#8221;https:\/\/staging2.effe1.com\/wp-content\/uploads\/2024\/05\/ora-system-clock.jpg&#8221; custom_padding=&#8221;||0px||false|false&#8221; global_colors_info=&#8221;{}&#8221;][et_pb_row _builder_version=&#8221;4.16&#8243; _module_preset=&#8221;default&#8221; global_colors_info=&#8221;{}&#8221;][et_pb_column type=&#8221;4_4&#8243; _builder_version=&#8221;4.16&#8243; _module_preset=&#8221;default&#8221; global_colors_info=&#8221;{}&#8221;][et_pb_text _builder_version=&#8221;4.25.1&#8243; _module_preset=&#8221;default&#8221; header_font=&#8221;Bebas Neue||||||||&#8221; header_font_size=&#8221;150px&#8221; header_line_height=&#8221;0.9em&#8221; background_layout=&#8221;dark&#8221; header_font_size_tablet=&#8221;80px&#8221; header_font_size_phone=&#8221;48px&#8221; header_font_size_last_edited=&#8221;on|tablet&#8221; header_line_height_tablet=&#8221;1em&#8221; header_line_height_phone=&#8221;&#8221; header_line_height_last_edited=&#8221;on|desktop&#8221; locked=&#8221;off&#8221; global_colors_info=&#8221;{}&#8221;]<\/p>\n<h1>Gestione Tempo<\/h1>\n<p>&nbsp;<\/p>\n<p>[\/et_pb_text][\/et_pb_column][\/et_pb_row][et_pb_row column_structure=&#8221;1_3,2_3&#8243; make_equal=&#8221;on&#8221; _builder_version=&#8221;4.16&#8243; _module_preset=&#8221;default&#8221; background_color=&#8221;#ea3900&#8243; custom_margin=&#8221;||||false|false&#8221; custom_padding=&#8221;0px||0px||true|false&#8221; box_shadow_style=&#8221;preset4&#8243; box_shadow_horizontal=&#8221;30vw&#8221; box_shadow_vertical=&#8221;0px&#8221; box_shadow_color=&#8221;#ea3900&#8243; global_colors_info=&#8221;{}&#8221;][et_pb_column type=&#8221;1_3&#8243; _builder_version=&#8221;4.16&#8243; _module_preset=&#8221;default&#8221; background_color=&#8221;#ffffff&#8221; custom_padding=&#8221;30px|20px|30px|20px|true|true&#8221; custom_padding_tablet=&#8221;0px|20px|0px|20px|true|true&#8221; custom_padding_phone=&#8221;&#8221; custom_padding_last_edited=&#8221;on|tablet&#8221; global_colors_info=&#8221;{}&#8221;][et_pb_button button_text=&#8221;Contattaci&#8221; button_alignment=&#8221;center&#8221; _builder_version=&#8221;4.25.1&#8243; _module_preset=&#8221;default&#8221; custom_button=&#8221;on&#8221; button_text_size=&#8221;30px&#8221; button_text_color=&#8221;#000000&#8243; button_bg_color=&#8221;#ffffff&#8221; button_border_color=&#8221;rgba(0,0,0,0)&#8221; button_border_radius=&#8221;0px&#8221; button_letter_spacing=&#8221;2px&#8221; button_font=&#8221;Bebas Neue|||on|||||&#8221; button_icon=&#8221;&#x24;||divi||400&#8243; custom_padding=&#8221;15px||15px||true|false&#8221; global_colors_info=&#8221;{}&#8221;][\/et_pb_button][\/et_pb_column][et_pb_column type=&#8221;2_3&#8243; _builder_version=&#8221;4.16&#8243; _module_preset=&#8221;default&#8221; background_color=&#8221;#ea3900&#8243; custom_padding=&#8221;48px|20px|28px|20px|false|true&#8221; custom_padding_tablet=&#8221;0px||10px||false|false&#8221; custom_padding_phone=&#8221;||||false|false&#8221; custom_padding_last_edited=&#8221;on|phone&#8221; global_colors_info=&#8221;{}&#8221;][et_pb_text _builder_version=&#8221;4.25.1&#8243; _module_preset=&#8221;default&#8221; header_2_font=&#8221;Bebas Neue||||||||&#8221; header_2_font_size=&#8221;60px&#8221; header_2_letter_spacing=&#8221;2px&#8221; background_layout=&#8221;dark&#8221; header_2_font_size_tablet=&#8221;42px&#8221; header_2_font_size_phone=&#8221;30px&#8221; header_2_font_size_last_edited=&#8221;on|phone&#8221; global_colors_info=&#8221;{}&#8221;]<\/p>\n<h2>0321 463111<\/h2>\n<p>[\/et_pb_text][\/et_pb_column][\/et_pb_row][\/et_pb_section][et_pb_section fb_built=&#8221;1&#8243; _builder_version=&#8221;4.25.1&#8243; _module_preset=&#8221;default&#8221; global_colors_info=&#8221;{}&#8221;][et_pb_row _builder_version=&#8221;4.25.1&#8243; _module_preset=&#8221;default&#8221; global_colors_info=&#8221;{}&#8221;][et_pb_column type=&#8221;4_4&#8243; _builder_version=&#8221;4.25.1&#8243; _module_preset=&#8221;default&#8221; global_colors_info=&#8221;{}&#8221;][et_pb_text _builder_version=&#8221;4.25.1&#8243; _module_preset=&#8221;default&#8221; global_colors_info=&#8221;{}&#8221;]<\/p>\n<p>Capita in maniera frequente di avere la <strong>necessit\u00e0 di conoscere l&#8217;ora esatta<\/strong>; in particolari realt\u00e0 quali banche, uffici pubblici, sale riunioni o sale d&#8217;attesa, l&#8217;impatto ambientale \u00e8 fondamentale, anche per dettagli come questo.<br \/>Vi \u00e8 dunque la necessit\u00e0 di poter disporre di oggetti funzionali e gradevoli: <strong>gli<\/strong> <strong>orologi luminosi di controllo Solari<\/strong>.<br \/>L&#8217;azienda friulana vanta anni di storia ed esperienza nel settore: dai meravigliosi congegni meccanici di un tempo, punto di riferimento per design e precisione, alla gamma attuale di prodotti, sia per interno che per esterno, dotati di sistemi e tecnologie all&#8217;avanguardia <strong>Orologi luminosi (a LED o VFD)<\/strong>, i classici orologi a palette o a lancette: differenti soluzioni per rispondere ad ogni esigenza o preferenza, prodotti per l&#8217;orologeria industriale che si conquistano un posto anche come complementi di arredo di alta qualit\u00e0.<\/p>\n<p>[\/et_pb_text][\/et_pb_column][\/et_pb_row][\/et_pb_section][et_pb_section fb_built=&#8221;1&#8243; admin_label=&#8221;Feature&#8221; _builder_version=&#8221;4.16&#8243; _module_preset=&#8221;default&#8221; background_color=&#8221;#f6f6f6&#8243; custom_margin=&#8221;||110px|||&#8221; global_colors_info=&#8221;{}&#8221;][et_pb_row column_structure=&#8221;3_5,2_5&#8243; _builder_version=&#8221;4.16&#8243; _module_preset=&#8221;default&#8221; global_colors_info=&#8221;{}&#8221;][et_pb_column type=&#8221;3_5&#8243; _builder_version=&#8221;4.16&#8243; _module_preset=&#8221;default&#8221; global_colors_info=&#8221;{}&#8221;][et_pb_text _builder_version=&#8221;4.25.1&#8243; _module_preset=&#8221;default&#8221; header_2_font=&#8221;Bebas Neue||||||||&#8221; header_2_font_size=&#8221;80px&#8221; custom_margin=&#8221;||||false|false&#8221; custom_padding=&#8221;||||false|false&#8221; header_2_font_size_tablet=&#8221;42px&#8221; header_2_font_size_phone=&#8221;30px&#8221; header_2_font_size_last_edited=&#8221;on|phone&#8221; header_2_line_height_tablet=&#8221;1.2em&#8221; header_2_line_height_phone=&#8221;&#8221; header_2_line_height_last_edited=&#8221;on|tablet&#8221; box_shadow_style=&#8221;preset4&#8243; box_shadow_horizontal=&#8221;-660px&#8221; box_shadow_vertical=&#8221;0px&#8221; box_shadow_color=&#8221;#ea3900&#8243; box_shadow_horizontal_tablet=&#8221;-83vw&#8221; box_shadow_horizontal_phone=&#8221;&#8221; box_shadow_horizontal_last_edited=&#8221;on|phone&#8221; locked=&#8221;off&#8221; global_colors_info=&#8221;{}&#8221;]<\/p>\n<h2>OROLOGI VISIVI<\/h2>\n<p>&nbsp;<\/p>\n<p>[\/et_pb_text][et_pb_text _builder_version=&#8221;4.25.1&#8243; _module_preset=&#8221;default&#8221; text_font_size=&#8221;16px&#8221; text_line_height=&#8221;1.8em&#8221; custom_padding=&#8221;||0px|||&#8221; text_font_size_tablet=&#8221;&#8221; text_font_size_phone=&#8221;14px&#8221; text_font_size_last_edited=&#8221;on|phone&#8221; locked=&#8221;off&#8221; global_colors_info=&#8221;{}&#8221;]<\/p>\n<p><strong>QUASAR NTP<\/strong> \/ Gli spazi pubblici delle nostre citt\u00e0 cambiano e diventano sempre pi\u00f9 ricchi di informazioni al cittadino, sia per aiutarlo a gestire i suoi movimenti che per organizzare la fluidit\u00e0 stessa dello spazio. A chi costruisce l\u2019architettura urbana, anche e forse soprattutto a chi lo fa in maniera complementare all\u2019urbanistica vera e propria con strumenti di informazione al pubblico si richiede\u00a0 attenzione sia alla funzionalit\u00e0 che all\u2019affabilit\u00e0 dei propri prodotti.<br \/>A questo scopo Solari ha rinnovato il prezioso Quasar, dall\u2019estetica sobria e di<br \/>spessore ridotto, che d\u00e0 il meglio di s\u00e9 negli ambienti esterni. Questi orologi possono convivere armoniosamente in ogni ambiente; grazie ai LED e alla regolazione automatica della luminosit\u00e0, la leggibilit\u00e0 \u00e8 immediata sempre e ovunque, negli spazi ampi come da una posizione angolata.<br \/>Oltre alle informazioni su ora e data, Quasar ntp nelle sue differenti versioni \u00e8 in grado di riportare la temperatura, l\u2019umidit\u00e0 ambientale (grazie ad un sensore esterno) e la direzione del vento; pu\u00f2 inoltre fungere da cronometro, conto alla rovescia o contaeventi. Nella versione meteo mostra 4 simboli di previsione del tempo. E la multifunzionalit\u00e0 non \u00e8 mai stata cos\u00ec semplice: come in tutta la nuova linea di orologi Solari la configurazione avviene attraverso un\u2019interfaccia grafica web based, inoltre mediante protocollo NTP\/SNTP si pu\u00f2 operare sulla sincronizzazione oraria.<\/p>\n<div><\/div>\n<p>[\/et_pb_text][et_pb_toggle title=&#8221;Maggiori informazioni&#8230;&#8221; open_toggle_text_color=&#8221;#E02B20&#8243; icon_color=&#8221;#E02B20&#8243; toggle_icon=&#8221;&#xe056;||divi||400&#8243; open_icon_color=&#8221;#E02B20&#8243; open_toggle_icon=&#8221;&#xf410;||fa||900&#8243; _builder_version=&#8221;4.25.1&#8243; _module_preset=&#8221;default&#8221; title_text_color=&#8221;#E02B20&#8243; title_font_size=&#8221;21px&#8221; border_width_all=&#8221;2px&#8221; border_color_all=&#8221;#E02B20&#8243; global_colors_info=&#8221;{}&#8221;]<\/p>\n<p>In alternativa al sistema NTP, Solari offre la possibilit\u00e0 di sincronizzare e gestire attraverso sistemi GPS o in modo tradizionale con sistema Bipolare.<br \/>La leggibilit\u00e0 degli orologi Solari si \u00e8 costantemente evoluta nel solco dell\u2019indiscusso successo che da sempre i numerosi clienti di ogni continente ci riconoscono. Le diverse tecnologie di visualizzazione dell\u2019ora, dal LED ai segmenti VFD nelle varie dimensioni dei caratteri \u2013 unitamente alla regolazione automatica dell\u2019intensit\u00e0 luminosa che rendono gli orologi Solari leggibili in qualunque situazione ambientale \u2013 sono e restano i plus di un\u2019eccellente leggibilit\u00e0 riconosciuta da oltre 50 anni.<br \/>Nella nuova gamma Solari, oltre i classici orologi, sono disponibili innovativi prodotti di ultima generazione capaci di coniugare tradizione ed evoluzione.<br \/>Il Domino ntp \u00e8 dotato di un display a matrice a LED in cui \u00e8 possibile visualizzare qualunque messaggio di testo con l\u2019aggiunta di animazioni, trasformarlo in un elimina code, il tutto semplicemente tramite web server.<br \/>Con il Quasar ntp, modello per esterni, \u00e8 possibile visualizzare le condizioni meteo e la misurazione del vento.<br \/>In ultimo, ma non certo per importanza, tutti gli orologi Solari sono dotati di sistema PoE (Power over Ethernet) grazie al quale con un unico cavo si ottiene configurazione e alimentazione, per interagire al meglio nei moderni impianti di cablaggio strutturato.<\/p>\n<p>[\/et_pb_toggle][et_pb_button button_url=&#8221;https:\/\/staging2.effe1.com\/wp-content\/uploads\/2024\/07\/orologeria-industriale.pdf&#8221; url_new_window=&#8221;on&#8221; button_text=&#8221; Scheda tecnica&#8230;&#8221; button_alignment=&#8221;left&#8221; _builder_version=&#8221;4.25.1&#8243; _module_preset=&#8221;default&#8221; custom_button=&#8221;on&#8221; button_text_size=&#8221;19px&#8221; button_text_color=&#8221;#E02B20&#8243; custom_margin=&#8221;||||false|false&#8221; custom_css_free_form=&#8221;.selector {||  width: 100%;||}&#8221; global_colors_info=&#8221;{}&#8221;][\/et_pb_button][\/et_pb_column][et_pb_column type=&#8221;2_5&#8243; _builder_version=&#8221;4.16&#8243; _module_preset=&#8221;default&#8221; global_colors_info=&#8221;{}&#8221;][et_pb_image src=&#8221;https:\/\/staging2.effe1.com\/wp-content\/uploads\/2024\/07\/quasar.jpg&#8221; title_text=&#8221;quasar&#8221; _builder_version=&#8221;4.25.1&#8243; _module_preset=&#8221;default&#8221; custom_margin=&#8221;|-10vw|-140px||false|false&#8221; custom_margin_tablet=&#8221;|0vw|0px||false|false&#8221; custom_margin_phone=&#8221;&#8221; custom_margin_last_edited=&#8221;on|tablet&#8221; global_colors_info=&#8221;{}&#8221;][\/et_pb_image][\/et_pb_column][\/et_pb_row][\/et_pb_section][et_pb_section fb_built=&#8221;1&#8243; admin_label=&#8221;Footer&#8221; _builder_version=&#8221;4.16&#8243; _module_preset=&#8221;default&#8221; background_color=&#8221;#000000&#8243; global_module=&#8221;128&#8243; saved_tabs=&#8221;all&#8221; global_colors_info=&#8221;{}&#8221;][et_pb_row column_structure=&#8221;1_2,1_4,1_4&#8243; _builder_version=&#8221;4.16&#8243; _module_preset=&#8221;default&#8221; global_colors_info=&#8221;{}&#8221;][et_pb_column type=&#8221;1_2&#8243; _builder_version=&#8221;4.16&#8243; _module_preset=&#8221;default&#8221; global_colors_info=&#8221;{}&#8221;][et_pb_text _builder_version=&#8221;4.24.2&#8243; _module_preset=&#8221;default&#8221; text_font=&#8221;Bebas Neue||||||||&#8221; text_text_color=&#8221;#ffffff&#8221; text_font_size=&#8221;40px&#8221; text_letter_spacing=&#8221;0.05em&#8221; text_line_height=&#8221;1.2em&#8221; link_text_color=&#8221;#ffffff&#8221; header_3_font=&#8221;Bebas Neue||||||||&#8221; header_3_text_color=&#8221;rgba(255,255,255,0.48)&#8221; text_font_size_tablet=&#8221;30px&#8221; text_font_size_phone=&#8221;22px&#8221; text_font_size_last_edited=&#8221;on|tablet&#8221; global_colors_info=&#8221;{}&#8221;]<\/p>\n<h3>Telefono<\/h3>\n<p><a href=\"#\">0321 463111<\/a><\/p>\n<p>[\/et_pb_text][et_pb_text _builder_version=&#8221;4.24.2&#8243; _module_preset=&#8221;default&#8221; text_font=&#8221;Bebas Neue||||||||&#8221; text_text_color=&#8221;#ffffff&#8221; text_font_size=&#8221;40px&#8221; text_letter_spacing=&#8221;0.05em&#8221; text_line_height=&#8221;1.2em&#8221; link_text_color=&#8221;#ea3900&#8243; header_3_font=&#8221;Bebas Neue||||||||&#8221; header_3_text_color=&#8221;rgba(255,255,255,0.48)&#8221; text_font_size_tablet=&#8221;30px&#8221; text_font_size_phone=&#8221;22px&#8221; text_font_size_last_edited=&#8221;on|tablet&#8221; global_colors_info=&#8221;{}&#8221;]<\/p>\n<h3>Email<\/h3>\n<p><a href=\"mailto:hello@divibikerepair.com\">info@orasystem.net<\/a><\/p>\n<p>[\/et_pb_text][\/et_pb_column][et_pb_column type=&#8221;1_4&#8243; _builder_version=&#8221;4.16&#8243; _module_preset=&#8221;default&#8221; global_colors_info=&#8221;{}&#8221;][et_pb_text _builder_version=&#8221;4.24.2&#8243; _module_preset=&#8221;default&#8221; header_4_font=&#8221;Bebas Neue||||||||&#8221; header_4_font_size=&#8221;22px&#8221; header_4_letter_spacing=&#8221;4px&#8221; header_4_line_height=&#8221;1.6em&#8221; background_layout=&#8221;dark&#8221; custom_margin=&#8221;||||false|false&#8221; header_4_font_size_tablet=&#8221;20px&#8221; header_4_font_size_phone=&#8221;16px&#8221; header_4_font_size_last_edited=&#8221;on|phone&#8221; border_color_all=&#8221;#ea3900&#8243; border_width_bottom=&#8221;5px&#8221; locked=&#8221;off&#8221; global_colors_info=&#8221;{}&#8221; custom_margin__hover_enabled=&#8221;off|desktop&#8221;]<\/p>\n<h4>Ora System S.R.L.<\/h4>\n<p>[\/et_pb_text][et_pb_text _builder_version=&#8221;4.27.4&#8243; _module_preset=&#8221;default&#8221; text_font=&#8221;|600|||||||&#8221; text_font_size=&#8221;16px&#8221; text_line_height=&#8221;2em&#8221; link_text_color=&#8221;#ffffff&#8221; background_layout=&#8221;dark&#8221; text_font_size_tablet=&#8221;&#8221; text_font_size_phone=&#8221;14px&#8221; text_font_size_last_edited=&#8221;on|phone&#8221; global_colors_info=&#8221;{}&#8221; link_text_color__hover_enabled=&#8221;on|desktop&#8221; link_text_color__hover=&#8221;#ea3900&#8243;]<\/p>\n<p>Viale Giulio Cesare, 147<br \/>28100 Novara<br \/>Tel: +39-0321-463111<\/p>\n<p><a href=\"mailto:info@orasystem.net\">info@orasystem.net<\/a><br \/><a href=\"http:\/\/www.orasystem.net\">www.orasystem.net<\/a><\/p>\n<p>[\/et_pb_text][\/et_pb_column][et_pb_column type=&#8221;1_4&#8243; _builder_version=&#8221;4.16&#8243; _module_preset=&#8221;default&#8221; global_colors_info=&#8221;{}&#8221;][et_pb_text _builder_version=&#8221;4.27.4&#8243; _module_preset=&#8221;default&#8221; text_font=&#8221;|600|||||||&#8221; text_font_size=&#8221;16px&#8221; text_line_height=&#8221;2em&#8221; link_text_color=&#8221;#ffffff&#8221; background_layout=&#8221;dark&#8221; text_font_size_tablet=&#8221;&#8221; text_font_size_phone=&#8221;14px&#8221; text_font_size_last_edited=&#8221;on|phone&#8221; locked=&#8221;off&#8221; global_colors_info=&#8221;{}&#8221; link_text_color__hover=&#8221;#ea3900&#8243; link_text_color__hover_enabled=&#8221;on|desktop&#8221;]<\/p>\n<p><img loading=\"lazy\" decoding=\"async\" src=\"https:\/\/staging2.effe1.com\/wp-content\/uploads\/2025\/05\/logo_solari-300x99.png\" width=\"300\" height=\"99\" alt=\"\" class=\"wp-image-271 alignnone size-medium\" \/><\/p>\n<p>[\/et_pb_text][\/et_pb_column][\/et_pb_row][\/et_pb_section]<\/p>\n","protected":false},"excerpt":{"rendered":"<p>Gestione Tempo &nbsp;0321 463111Capita in maniera frequente di avere la necessit\u00e0 di conoscere l&#8217;ora esatta; in particolari realt\u00e0 quali banche, uffici pubblici, sale riunioni o sale d&#8217;attesa, l&#8217;impatto ambientale \u00e8 fondamentale, anche per dettagli come questo.Vi \u00e8 dunque la necessit\u00e0 di poter disporre di oggetti funzionali e gradevoli: gli orologi luminosi di controllo Solari.L&#8217;azienda friulana [&hellip;]<\/p>\n","protected":false},"author":1,"featured_media":0,"parent":0,"menu_order":0,"comment_status":"closed","ping_status":"closed","template":"","meta":{"_et_pb_use_builder":"on","_et_pb_old_content":"","_et_gb_content_width":"","footnotes":""},"class_list":["post-110","page","type-page","status-publish","hentry"],"_links":{"self":[{"href":"https:\/\/staging2.effe1.com\/index.php\/wp-json\/wp\/v2\/pages\/110","targetHints":{"allow":["GET"]}}],"collection":[{"href":"https:\/\/staging2.effe1.com\/index.php\/wp-json\/wp\/v2\/pages"}],"about":[{"href":"https:\/\/staging2.effe1.com\/index.php\/wp-json\/wp\/v2\/types\/page"}],"author":[{"embeddable":true,"href":"https:\/\/staging2.effe1.com\/index.php\/wp-json\/wp\/v2\/users\/1"}],"replies":[{"embeddable":true,"href":"https:\/\/staging2.effe1.com\/index.php\/wp-json\/wp\/v2\/comments?post=110"}],"version-history":[{"count":9,"href":"https:\/\/staging2.effe1.com\/index.php\/wp-json\/wp\/v2\/pages\/110\/revisions"}],"predecessor-version":[{"id":327,"href":"https:\/\/staging2.effe1.com\/index.php\/wp-json\/wp\/v2\/pages\/110\/revisions\/327"}],"wp:attachment":[{"href":"https:\/\/staging2.effe1.com\/index.php\/wp-json\/wp\/v2\/media?parent=110"}],"curies":[{"name":"wp","href":"https:\/\/api.w.org\/{rel}","templated":true}]}}